{"id":2,"date":"2025-06-11T18:22:47","date_gmt":"2025-06-11T18:22:47","guid":{"rendered":"https:\/\/acuapatios.com.co\/home\/?page_id=2"},"modified":"2025-06-12T19:29:28","modified_gmt":"2025-06-12T19:29:28","slug":"sample-page","status":"publish","type":"page","link":"https:\/\/acuapatios.com.co\/home\/index.php\/sample-page\/","title":{"rendered":"Quienes Somos"},"content":{"rendered":"\n<p>En&nbsp;<strong>Acuapatios<\/strong>, trabajamos con compromiso y vocaci\u00f3n de servicio para generar un impacto positivo en la calidad de vida de nuestros usuarios. Nuestra misi\u00f3n es&nbsp;<strong>generar valor social<\/strong>, garantizando el acceso confiable, eficiente y sostenible al servicio p\u00fablico de acueducto en el municipio de&nbsp;<strong>Los Patios, Norte de Santander<\/strong>.<\/p>\n\n\n\n<p>Nos enfocamos en ofrecer&nbsp;<strong>los m\u00e1s altos est\u00e1ndares de calidad<\/strong>&nbsp;en cada etapa de nuestra cadena de suministro, desde la captaci\u00f3n hasta la distribuci\u00f3n del recurso h\u00eddrico. Cada uno de nuestros procesos est\u00e1 orientado al bienestar de la comunidad, entendiendo que el acceso al agua potable es esencial para unas condiciones de vida dignas y saludables.<\/p>\n\n\n\n<p>En Acuapatios, creemos que el servicio de acueducto es m\u00e1s que una operaci\u00f3n t\u00e9cnica: es un compromiso humano, social y ambiental. Por eso, trabajamos d\u00eda a d\u00eda para consolidarnos como una empresa cercana, transparente y responsable, que contribuye al desarrollo integral del territorio y al cuidado del recurso m\u00e1s valioso: el agua.<\/p>\n","protected":false},"excerpt":{"rendered":"<p>En&nbsp;Acuapatios, trabajamos con compromiso y vocaci\u00f3n de servicio para generar un impacto positivo en la calidad de vida de nuestros usuarios. Nuestra misi\u00f3n es&nbsp;generar valor social, garantizando el acceso confiable, eficiente y sostenible al servicio p\u00fablico de acueducto en el municipio de&nbsp;Los Patios, Norte de Santander. Nos enfocamos en ofrecer&nbsp;los m\u00e1s altos est\u00e1ndares de calidad&nbsp;en&#8230;<\/p>\n","protected":false},"author":1,"featured_media":0,"parent":0,"menu_order":0,"comment_status":"closed","ping_status":"open","template":"","meta":{"_joinchat":[],"footnotes":""},"class_list":["post-2","page","type-page","status-publish","hentry"],"_links":{"self":[{"href":"https:\/\/acuapatios.com.co\/home\/index.php\/wp-json\/wp\/v2\/pages\/2","targetHints":{"allow":["GET"]}}],"collection":[{"href":"https:\/\/acuapatios.com.co\/home\/index.php\/wp-json\/wp\/v2\/pages"}],"about":[{"href":"https:\/\/acuapatios.com.co\/home\/index.php\/wp-json\/wp\/v2\/types\/page"}],"author":[{"embeddable":true,"href":"https:\/\/acuapatios.com.co\/home\/index.php\/wp-json\/wp\/v2\/users\/1"}],"replies":[{"embeddable":true,"href":"https:\/\/acuapatios.com.co\/home\/index.php\/wp-json\/wp\/v2\/comments?post=2"}],"version-history":[{"count":3,"href":"https:\/\/acuapatios.com.co\/home\/index.php\/wp-json\/wp\/v2\/pages\/2\/revisions"}],"predecessor-version":[{"id":99,"href":"https:\/\/acuapatios.com.co\/home\/index.php\/wp-json\/wp\/v2\/pages\/2\/revisions\/99"}],"wp:attachment":[{"href":"https:\/\/acuapatios.com.co\/home\/index.php\/wp-json\/wp\/v2\/media?parent=2"}],"curies":[{"name":"wp","href":"https:\/\/api.w.org\/{rel}","templated":true}]}}